{"id":2504609,"date":"2021-06-23T13:52:49","date_gmt":"2021-06-23T12:52:49","guid":{"rendered":"https:\/\/staging.cherry-publishing.com\/?post_type=product&#038;p=2504609"},"modified":"2021-06-23T15:33:02","modified_gmt":"2021-06-23T14:33:02","slug":"michelle-knorr","status":"publish","type":"product","link":"https:\/\/staging.cherry-publishing.com\/de\/autorinnen\/michelle-knorr\/","title":{"rendered":"Michelle Knorr"},"content":{"rendered":"<h2 style=\"text-align: center;\"><strong>Ihre B\u00fccher<\/strong><\/h2>\n<p>&nbsp;<\/p>\n<p style=\"text-align: center;\"><div class=\"woocommerce columns-4 \"><ul class=\"products columns-4\">\n<li class=\"sales-flash-overlay woocommerce-text-align-center woocommerce-image-align-center do-quantity-buttons product type-product post-2503270 status-publish first instock product_cat-young-adult has-post-thumbnail shipping-taxable product-type-simple\">\n\t<\/li>\n<\/ul>\n<\/div>\n","protected":false},"excerpt":{"rendered":"<p>Hey, ich hei\u00dfe Michelle Knorr und durfte bei Cherry Publishing meinen zweiten Young-Adult-Roman \u00bb<a href=\"https:\/\/staging.cherry-publishing.com\/de\/romane\/liebesromane\/young-adult\/zwischen-sonne-und-regen\/\">Zwischen Sonne und Regen<\/a>\u00ab ver\u00f6ffentlichen. Schreiben liegt mir sehr am Herzen, auch wenn das nat\u00fcrlich bei allen Hobbyautoren der Fall ist. Seit ich zw\u00f6lf Jahre alt bin, haue ich in die Tasten und bin daf\u00fcr auf Wattpad unter dem Usernamen &#8222;ungekuesst&#8220; (ein bisschen) bekannt geworden. Ich liebe es meinen Charakteren eine Entwicklung zu geben, die sich nur schleichend anbahnt, aber deutlich zu erkennen ist, wenn man das Buch fertig gelesen hat. Und ich freue mich \u00fcber jeden, der meinem Geschreibsel eine Chance gibt!<\/p>\n","protected":false},"featured_media":2504615,"comment_status":"closed","ping_status":"closed","template":"","meta":[],"_links":{"self":[{"href":"https:\/\/staging.cherry-publishing.com\/de\/wp-json\/wp\/v2\/product\/2504609"}],"collection":[{"href":"https:\/\/staging.cherry-publishing.com\/de\/wp-json\/wp\/v2\/product"}],"about":[{"href":"https:\/\/staging.cherry-publishing.com\/de\/wp-json\/wp\/v2\/types\/product"}],"replies":[{"embeddable":true,"href":"https:\/\/staging.cherry-publishing.com\/de\/wp-json\/wp\/v2\/comments?post=2504609"}],"wp:featuredmedia":[{"embeddable":true,"href":"https:\/\/staging.cherry-publishing.com\/de\/wp-json\/wp\/v2\/media\/2504615"}],"wp:attachment":[{"href":"https:\/\/staging.cherry-publishing.com\/de\/wp-json\/wp\/v2\/media?parent=2504609"}],"curies":[{"name":"wp","href":"https:\/\/api.w.org\/{rel}","templated":true}]}}