{"id":3009455,"date":"2022-11-11T05:08:11","date_gmt":"2022-11-11T04:08:11","guid":{"rendered":"https:\/\/staging.cherry-publishing.com\/?post_type=product&#038;p=3009455"},"modified":"2022-11-11T05:11:59","modified_gmt":"2022-11-11T04:11:59","slug":"mit-vollgas-ins-schneegestoeber","status":"publish","type":"product","link":"https:\/\/staging.cherry-publishing.com\/de\/romane\/new-adult\/mit-vollgas-ins-schneegestoeber\/","title":{"rendered":"Mit Vollgas ins Schneegest\u00f6ber"},"content":{"rendered":"<div class=\"su-button-center\"><a href=\"https:\/\/staging.cherry-publishing.com\" class=\"su-button su-button-style-flat su-button-wide\" style=\"color:#FFFFFF;background-color:#b00909;border-color:#8d0808;border-radius:0px;-moz-border-radius:0px;-webkit-border-radius:0px\" target=\"_self\"><span style=\"color:#FFFFFF;padding:7px 20px;font-size:16px;line-height:24px;border-color:#c85353;border-radius:0px;-moz-border-radius:0px;-webkit-border-radius:0px;text-shadow:none;-moz-text-shadow:none;-webkit-text-shadow:none\"><i class=\"sui sui-mouse-pointer\" style=\"font-size:16px;color:#FFFFFF\"><\/i> Im E-Book lesen<\/span><\/a><\/div>\n<div class=\"su-button-center\"><a href=\"https:\/\/www.amazon.de\/Mit-Vollgas-Schneegest%C3%B6ber-Cherry-Publishing\/dp\/1801163332\" class=\"su-button su-button-style-flat su-button-wide\" style=\"color:#FFFFFF;background-color:#b00909;border-color:#8d0808;border-radius:0px;-moz-border-radius:0px;-webkit-border-radius:0px\" target=\"_blank\" rel=\"noopener noreferrer\"><span style=\"color:#FFFFFF;padding:7px 20px;font-size:16px;line-height:24px;border-color:#c85353;border-radius:0px;-moz-border-radius:0px;-webkit-border-radius:0px;text-shadow:none;-moz-text-shadow:none;-webkit-text-shadow:none\"><i class=\"sui sui-mouse-pointer\" style=\"font-size:16px;color:#FFFFFF\"><\/i>  Als Taschenbuch lesen<\/span><\/a><\/div>\n<p>&nbsp;<\/p>\n<p>&nbsp;<\/p>\n","protected":false},"excerpt":{"rendered":"<p><span class=\"a-text-italic\">Eine Kleinstadt in der Vorweihnachtszeit, eine verschollene Liebe und gro\u00dfe Tr\u00e4ume.<\/span><\/p>\n<p>Hope hat die Nase voll \u2013 von ihrem Job, Denver und ihrem alten Leben. Als Weihnachten vor der T\u00fcr steht, wagt sie den Schritt und zieht zu ihrer Schwester in die Kleinstadt Leavenworth. Denn diese Zeit ist f\u00fcr sie die schlimmste im Jahr. Um sich von der kitschigen Weihnachtsdeko und der fr\u00f6hlichen Musik abzulenken, beginnt sie damit, ihre Liste mit Vors\u00e4tzen und Tr\u00e4umen abzuarbeiten. Unter anderem: Endlich den F\u00fchrerschein machen. Nichts ahnend, dass der Fahrlehrer niemand Geringeres ist als\u00a0<span class=\"a-text-italic\">er<\/span>\u00a0\u2013 ihre Jugendliebe Elijah. Ohne Erkl\u00e4rung hat er sie damals verlassen und ist verschwunden. Hope wehrt sich mit aller Kraft gegen ihre Gef\u00fchle, doch weder sie noch Elijah k\u00f6nnen der Magie entfliehen, die sie nach wie vor verbindet. Zwischen ihnen steht jedoch noch immer das Geheimnis, das Elijah um jeden Preis wahren m\u00f6chte und ihre Verbindung auf eine harte Probe stellt \u2026<\/p>\n<p>Hat ihre Liebe im winterlichen Leavenworth endlich eine Chance?<\/p>\n<p>Sie muss lernen ihre besonderen F\u00e4higkeiten zu beherrschen und darf sich dabei nicht von ihren Gef\u00fchlen ablenken lassen. Doch was, wenn genau diese der Schl\u00fcssel zur Rettung beider Welten sind? Denn Gef\u00fchle sind m\u00e4chtig \u2013 sie k\u00f6nnen Welten retten und im n\u00e4chsten Moment ihre endg\u00fcltige Zerst\u00f6rung bedeuten \u2026<\/p>\n","protected":false},"featured_media":3009456,"comment_status":"closed","ping_status":"closed","template":"","meta":[],"_links":{"self":[{"href":"https:\/\/staging.cherry-publishing.com\/de\/wp-json\/wp\/v2\/product\/3009455"}],"collection":[{"href":"https:\/\/staging.cherry-publishing.com\/de\/wp-json\/wp\/v2\/product"}],"about":[{"href":"https:\/\/staging.cherry-publishing.com\/de\/wp-json\/wp\/v2\/types\/product"}],"replies":[{"embeddable":true,"href":"https:\/\/staging.cherry-publishing.com\/de\/wp-json\/wp\/v2\/comments?post=3009455"}],"wp:featuredmedia":[{"embeddable":true,"href":"https:\/\/staging.cherry-publishing.com\/de\/wp-json\/wp\/v2\/media\/3009456"}],"wp:attachment":[{"href":"https:\/\/staging.cherry-publishing.com\/de\/wp-json\/wp\/v2\/media?parent=3009455"}],"curies":[{"name":"wp","href":"https:\/\/api.w.org\/{rel}","templated":true}]}}