{"id":3009542,"date":"2022-12-14T08:55:24","date_gmt":"2022-12-14T07:55:24","guid":{"rendered":"https:\/\/staging.cherry-publishing.com\/?post_type=product&#038;p=3009542"},"modified":"2023-05-26T15:16:52","modified_gmt":"2023-05-26T14:16:52","slug":"witch-of-libera-du-musst-ihm-gehorchen-fire-and-desire-2","status":"publish","type":"product","link":"https:\/\/staging.cherry-publishing.com\/de\/romane\/witch-of-libera-du-musst-ihm-gehorchen-fire-and-desire-2\/","title":{"rendered":"Witch of Libera: Du musst ihm gehorchen (Fire and Desire 2)"},"content":{"rendered":"<div class=\"su-button-center\"><a href=\"https:\/\/amzn.to\/3UUH6Kw\" class=\"su-button su-button-style-flat su-button-wide\" style=\"color:#FFFFFF;background-color:#b00909;border-color:#8d0808;border-radius:0px;-moz-border-radius:0px;-webkit-border-radius:0px\" target=\"_blank\" rel=\"noopener noreferrer\"><span style=\"color:#FFFFFF;padding:7px 20px;font-size:16px;line-height:24px;border-color:#c85353;border-radius:0px;-moz-border-radius:0px;-webkit-border-radius:0px;text-shadow:none;-moz-text-shadow:none;-webkit-text-shadow:none\"><i class=\"sui sui-mouse-pointer\" style=\"font-size:16px;color:#FFFFFF\"><\/i> Im E-Book lesen<\/span><\/a><\/div>\n<div class=\"su-button-center\"><a href=\"https:\/\/amzn.to\/3hmU71J\" class=\"su-button su-button-style-flat su-button-wide\" style=\"color:#FFFFFF;background-color:#b00909;border-color:#8d0808;border-radius:0px;-moz-border-radius:0px;-webkit-border-radius:0px\" target=\"_blank\" rel=\"noopener noreferrer\"><span style=\"color:#FFFFFF;padding:7px 20px;font-size:16px;line-height:24px;border-color:#c85353;border-radius:0px;-moz-border-radius:0px;-webkit-border-radius:0px;text-shadow:none;-moz-text-shadow:none;-webkit-text-shadow:none\"><i class=\"sui sui-mouse-pointer\" style=\"font-size:16px;color:#FFFFFF\"><\/i>  Als Taschenbuch lesen<\/span><\/a><\/div>\n","protected":false},"excerpt":{"rendered":"[amazon box=\"<span class=\"a-list-item\">asin<\/span>\" template=\"horizontal\"]\n<p>Die Ankunft in Magmatia hat der Wurzelhexe Ari alles genommen. Sie kann ihre Magie nicht mehr wirken und muss erneut in einer Gemeinschaft \u00fcberleben, in der sie gehasst wird. Nur Nero, der Feuerhexer, dem ihr Herz entgegen aller Vernunft geh\u00f6rt, ist an ihrer Seite, um sie Augenblick f\u00fcr Augenblick in Flammen zu stecken. W\u00e4hrend Aris Pl\u00e4ne zur Flucht konkreter werden, bekommt sie unerwartet Einblicke in die Welt der Feinde, welche sie noch intensiver verwirren, als Neros unglaubliche Anziehungskraft auf ihren K\u00f6rper es vermag \u2026<\/p>\n","protected":false},"featured_media":3009543,"comment_status":"closed","ping_status":"closed","template":"","meta":[],"_links":{"self":[{"href":"https:\/\/staging.cherry-publishing.com\/de\/wp-json\/wp\/v2\/product\/3009542"}],"collection":[{"href":"https:\/\/staging.cherry-publishing.com\/de\/wp-json\/wp\/v2\/product"}],"about":[{"href":"https:\/\/staging.cherry-publishing.com\/de\/wp-json\/wp\/v2\/types\/product"}],"replies":[{"embeddable":true,"href":"https:\/\/staging.cherry-publishing.com\/de\/wp-json\/wp\/v2\/comments?post=3009542"}],"wp:featuredmedia":[{"embeddable":true,"href":"https:\/\/staging.cherry-publishing.com\/de\/wp-json\/wp\/v2\/media\/3009543"}],"wp:attachment":[{"href":"https:\/\/staging.cherry-publishing.com\/de\/wp-json\/wp\/v2\/media?parent=3009542"}],"curies":[{"name":"wp","href":"https:\/\/api.w.org\/{rel}","templated":true}]}}