{"id":2502312,"date":"2021-02-02T19:20:24","date_gmt":"2021-02-02T18:20:24","guid":{"rendered":"https:\/\/staging.cherry-publishing.com\/aviso-legal\/"},"modified":"2021-02-02T19:20:25","modified_gmt":"2021-02-02T18:20:25","slug":"aviso-legal","status":"publish","type":"page","link":"https:\/\/staging.cherry-publishing.com\/es\/aviso-legal\/","title":{"rendered":"Aviso legal"},"content":{"rendered":"\n<p>De conformidad con el art\u00edculo 6 de la Ley n\u00ba 2004-575, de 21 de junio de 2004, sobre la confianza en la econom\u00eda digital, se informa a los usuarios del sitio web <a href=\"https:\/\/staging.cherry-publishing.com\/es\/\">https:\/\/staging.cherry-publishing.com\/es\/<\/a> de la identidad de las distintas partes que intervienen en su aplicaci\u00f3n y control:<\/p>\n\n<h2>Presentaci\u00f3n del sitio :<\/h2>\n\n<p><strong>El sitio \u00abwww.cherry-publishing.com\/es\/\u00bb est\u00e1 alojado en la empresa wpxhosting.<\/strong><\/p>\n\n<p><strong>El sitio web \u00bb www.cherry-publishing.com \u00bb es propiedad de GreenTomatoMedia Limited :<\/strong>&#13;\nCompany ID number : 1831883&#13;\nFLAT A, 15\/F Hillier commercial Building 65-67 Bonham&#13;\nStrand East, Sheung Wan, Hong Kong<\/p>\n\n<p><a href=\"https:\/\/www.greentomatomedia.com\/fr\/\">https:\/\/www.greentomatomedia.com\/fr\/<\/a><\/p>\n\n<p>En la actualidad, Cherry Publishing es una entidad independiente registrada en Londres:&#13;\n<\/p>\n\n<p><strong>Cherry Pub LLP<\/strong><strong>&#13;\nCompany&#13;\nAdress: 71-75 Shelton Street, Covent Garden, London, England, WC2H 9JQ&#13;\nCompany&#13;\nnumber : OC431055<\/strong><\/p>\n\n<p>La p\u00e1gina web de Cherry Publishing tiene una direcci\u00f3n de correspondencia en Toulouse, en el despacho del director. Actualmente hay oficinas f\u00edsicas abiertas en N\u00eemes (30).<\/p>\n\n<h2>Derechos de reproducci\u00f3n : <\/h2>\n\n<p>El nombre de Cherry Publishing est\u00e1 registrado en el INPI. <\/p>\n\n<p>Los derechos de difusi\u00f3n y reproducci\u00f3n est\u00e1n totalmente reservados. Los logotipos, documentos iconogr\u00e1ficos y textos disponibles en el sitio son propiedad intelectual de Cherry Publishing y no pueden ser reproducidos y\/o utilizados sin la autorizaci\u00f3n previa de Cherry Publishing.<\/p>\n","protected":false},"excerpt":{"rendered":"<p>De conformidad con el art\u00edculo 6 de la Ley n\u00ba 2004-575, de 21 de junio de 2004, sobre la confianza en la econom\u00eda digital, se informa a los usuarios del sitio web https:\/\/staging.cherry-publishing.com\/es\/ de la identidad de las distintas partes que intervienen en su aplicaci\u00f3n y control: Presentaci\u00f3n del sitio : El sitio \u00abwww.cherry-publishing.com\/es\/\u00bb est\u00e1 alojado en la empresa wpxhosting. El sitio web \u00bb www.cherry-publishing.com \u00bb es propiedad de GreenTomatoMedia Limited :&#13; Company ID number : 1831883&#13; FLAT A, 15\/F &#8230; <\/p>\n<p class=\"read-more-container\"><a title=\"Aviso legal\" class=\"read-more button\" href=\"https:\/\/staging.cherry-publishing.com\/es\/aviso-legal\/#more-2502312\">Lire la suite<span class=\"screen-reader-text\">Aviso legal<\/span><\/a><\/p>\n","protected":false},"author":1,"featured_media":0,"parent":0,"menu_order":0,"comment_status":"closed","ping_status":"closed","template":"","meta":[],"_links":{"self":[{"href":"https:\/\/staging.cherry-publishing.com\/es\/wp-json\/wp\/v2\/pages\/2502312"}],"collection":[{"href":"https:\/\/staging.cherry-publishing.com\/es\/wp-json\/wp\/v2\/pages"}],"about":[{"href":"https:\/\/staging.cherry-publishing.com\/es\/wp-json\/wp\/v2\/types\/page"}],"author":[{"embeddable":true,"href":"https:\/\/staging.cherry-publishing.com\/es\/wp-json\/wp\/v2\/users\/1"}],"replies":[{"embeddable":true,"href":"https:\/\/staging.cherry-publishing.com\/es\/wp-json\/wp\/v2\/comments?post=2502312"}],"version-history":[{"count":1,"href":"https:\/\/staging.cherry-publishing.com\/es\/wp-json\/wp\/v2\/pages\/2502312\/revisions"}],"predecessor-version":[{"id":2502313,"href":"https:\/\/staging.cherry-publishing.com\/es\/wp-json\/wp\/v2\/pages\/2502312\/revisions\/2502313"}],"wp:attachment":[{"href":"https:\/\/staging.cherry-publishing.com\/es\/wp-json\/wp\/v2\/media?parent=2502312"}],"curies":[{"name":"wp","href":"https:\/\/api.w.org\/{rel}","templated":true}]}}