{"id":2505386,"date":"2021-08-26T16:15:45","date_gmt":"2021-08-26T15:15:45","guid":{"rendered":"https:\/\/staging.cherry-publishing.com\/?post_type=product&#038;p=2505386"},"modified":"2022-04-08T13:31:16","modified_gmt":"2022-04-08T12:31:16","slug":"elle-catt-es","status":"publish","type":"product","link":"https:\/\/staging.cherry-publishing.com\/es\/autores\/elle-catt-es\/","title":{"rendered":"Elle Catt"},"content":{"rendered":"<h2 style=\"text-align: center;\"><strong>Sus libros<\/strong><\/h2>\n<p style=\"text-align: center;\"><div class=\"woocommerce columns-4 \"><ul class=\"products columns-4\">\n<li class=\"sales-flash-overlay woocommerce-text-align-center woocommerce-image-align-center do-quantity-buttons product type-product post-2507033 status-publish first instock product_cat-novela-erotica product_cat-fantasia product_cat-novelas product_cat-romance has-post-thumbnail shipping-taxable product-type-simple\">\n\t<\/li>\n<li class=\"sales-flash-overlay woocommerce-text-align-center woocommerce-image-align-center do-quantity-buttons product type-product post-2505387 status-publish instock product_cat-novela-erotica product_cat-fantasia product_cat-novelas product_cat-romance has-post-thumbnail shipping-taxable product-type-simple\">\n\t<\/li>\n<\/ul>\n<\/div>\n","protected":false},"excerpt":{"rendered":"<p>Ga\u00eblle Cattet, alias Elle Catt, trabaja como asesora de formaci\u00f3n continua en Nevers.<\/p>\n<p>Tiene un M\u00e1ster 2 en Ingenier\u00eda de la Formaci\u00f3n por la Universidad de Lille &#8211; Ciencias Humanas y Sociales (2015).<\/p>\n<p>Su campo favorito es la fantas\u00eda o el romance paranormal. Decidi\u00f3 publicar su novela, \u00ab<a href=\"https:\/\/staging.cherry-publishing.com\/es\/novelas\/romance\/fantasia\/la-ultima-musa\/\">La \u00faltima musa<\/a>\u00ab, sobre la marcha en una plataforma social de relatos narrativos, Wattpad.<\/p>\n","protected":false},"featured_media":501263,"comment_status":"closed","ping_status":"closed","template":"","meta":[],"_links":{"self":[{"href":"https:\/\/staging.cherry-publishing.com\/es\/wp-json\/wp\/v2\/product\/2505386"}],"collection":[{"href":"https:\/\/staging.cherry-publishing.com\/es\/wp-json\/wp\/v2\/product"}],"about":[{"href":"https:\/\/staging.cherry-publishing.com\/es\/wp-json\/wp\/v2\/types\/product"}],"replies":[{"embeddable":true,"href":"https:\/\/staging.cherry-publishing.com\/es\/wp-json\/wp\/v2\/comments?post=2505386"}],"wp:featuredmedia":[{"embeddable":true,"href":"https:\/\/staging.cherry-publishing.com\/es\/wp-json\/wp\/v2\/media\/501263"}],"wp:attachment":[{"href":"https:\/\/staging.cherry-publishing.com\/es\/wp-json\/wp\/v2\/media?parent=2505386"}],"curies":[{"name":"wp","href":"https:\/\/api.w.org\/{rel}","templated":true}]}}