{"id":2507033,"date":"2022-01-05T12:41:33","date_gmt":"2022-01-05T11:41:33","guid":{"rendered":"https:\/\/staging.cherry-publishing.com\/?post_type=product&#038;p=2507033"},"modified":"2022-05-11T10:51:34","modified_gmt":"2022-05-11T09:51:34","slug":"la-ultima-musa-2","status":"publish","type":"product","link":"https:\/\/staging.cherry-publishing.com\/es\/novelas\/romance\/fantasia\/la-ultima-musa-2\/","title":{"rendered":"La \u00faltima musa 2"},"content":{"rendered":"<div class=\"su-button-center\"><a href=\"https:\/\/amzn.to\/3qWEEGn\" class=\"su-button su-button-style-flat su-button-wide\" style=\"color:#FFFFFF;background-color:#b00909;border-color:#8d0808;border-radius:0px;-moz-border-radius:0px;-webkit-border-radius:0px\" target=\"_self\"><span style=\"color:#FFFFFF;padding:7px 20px;font-size:16px;line-height:24px;border-color:#c85353;border-radius:0px;-moz-border-radius:0px;-webkit-border-radius:0px;text-shadow:none;-moz-text-shadow:none;-webkit-text-shadow:none\"><i class=\"sui sui-mouse-pointer\" style=\"font-size:16px;color:#FFFFFF\"><\/i> Leer en e-book<\/span><\/a><\/div>\n<div class=\"su-button-center\"><a href=\"https:\/\/amzn.to\/3zvZLmB\" class=\"su-button su-button-style-flat su-button-wide\" style=\"color:#FFFFFF;background-color:#b00909;border-color:#8d0808;border-radius:0px;-moz-border-radius:0px;-webkit-border-radius:0px\" target=\"_blank\" rel=\"noopener noreferrer\"><span style=\"color:#FFFFFF;padding:7px 20px;font-size:16px;line-height:24px;border-color:#c85353;border-radius:0px;-moz-border-radius:0px;-webkit-border-radius:0px;text-shadow:none;-moz-text-shadow:none;-webkit-text-shadow:none\"><i class=\"sui sui-mouse-pointer\" style=\"font-size:16px;color:#FFFFFF\"><\/i> Leer en tapa blanda<\/span><\/a><\/div>\n<div class=\"su-youtube su-u-responsive-media-yes\"><iframe width=\"500\" height=\"400\" src=\"https:\/\/www.youtube.com\/embed\/N6H7LjPQ5GI?\" frameborder=\"0\" allowfullscreen allow=\"autoplay; encrypted-media; picture-in-picture\" title=\"\"><\/iframe><\/div>\n<div class=\"font_preload\" style=\"opacity: 0;\"><\/div>\n","protected":false},"excerpt":{"rendered":"<p><span class=\"\">Tras la noche de la integraci\u00f3n, caen las m\u00e1scaras y la verdad sale a la luz. Para enfrentarse a la decepci\u00f3n, Kataline decide coger su vida y su destino por los cuernos. Pero cuando se prepara para ir a la batalla, el retorno de Rip perturba sus planes.<br \/>\n\u00bfLlegar\u00e1 Kat a salvar a su madre? \u00bfPodr\u00e1 el demonio recuperar su confianza?<\/span><\/p>\n<p><span class=\"\"><br \/>\nAnte todas estas dudas y nuevas sombras, la \u00faltima musa solo tiene una certeza: la historia no ha terminado. En realidad, no ha hecho m\u00e1s que comenzar.<\/span><\/p>\n","protected":false},"featured_media":2507034,"comment_status":"closed","ping_status":"closed","template":"","meta":[],"_links":{"self":[{"href":"https:\/\/staging.cherry-publishing.com\/es\/wp-json\/wp\/v2\/product\/2507033"}],"collection":[{"href":"https:\/\/staging.cherry-publishing.com\/es\/wp-json\/wp\/v2\/product"}],"about":[{"href":"https:\/\/staging.cherry-publishing.com\/es\/wp-json\/wp\/v2\/types\/product"}],"replies":[{"embeddable":true,"href":"https:\/\/staging.cherry-publishing.com\/es\/wp-json\/wp\/v2\/comments?post=2507033"}],"wp:featuredmedia":[{"embeddable":true,"href":"https:\/\/staging.cherry-publishing.com\/es\/wp-json\/wp\/v2\/media\/2507034"}],"wp:attachment":[{"href":"https:\/\/staging.cherry-publishing.com\/es\/wp-json\/wp\/v2\/media?parent=2507033"}],"curies":[{"name":"wp","href":"https:\/\/api.w.org\/{rel}","templated":true}]}}