{"id":2504083,"date":"2021-06-01T10:57:33","date_gmt":"2021-06-01T09:57:33","guid":{"rendered":"https:\/\/staging.cherry-publishing.com\/?post_type=product&#038;p=2504083"},"modified":"2021-06-01T11:06:58","modified_gmt":"2021-06-01T10:06:58","slug":"piera-s","status":"publish","type":"product","link":"https:\/\/staging.cherry-publishing.com\/it\/autori\/piera-s\/","title":{"rendered":"Piera S."},"content":{"rendered":"<h2 style=\"text-align: center;\">I suoi romanzi<\/h2>\n<p style=\"text-align: center;\"><div class=\"woocommerce columns-4 \"><ul class=\"products columns-4\">\n<li class=\"sales-flash-overlay woocommerce-text-align-center woocommerce-image-align-center do-quantity-buttons product type-product post-2507200 status-publish first instock product_cat-erotico product_cat-romanzo has-post-thumbnail shipping-taxable product-type-simple\">\n\t<\/li>\n<li class=\"sales-flash-overlay woocommerce-text-align-center woocommerce-image-align-center do-quantity-buttons product type-product post-2502902 status-publish instock product_cat-commedia-romantica product_cat-romanzo has-post-thumbnail shipping-taxable product-type-simple\">\n\t<\/li>\n<\/ul>\n<\/div>\n<div>\n<div class=\"font_preload\" style=\"opacity: 0;\"><\/div>\n<\/div>\n","protected":false},"excerpt":{"rendered":"<p>Mi chiamo Piera, ho 28 anni e ho iniziato a scrivere sette anni fa sulla piattaforma di Wattpad. Per me scrivere \u00e8 sempre stata una passione, un divertimento, un modo per uscire fuori dalla realt\u00e0 e vivere mille vite insieme.<\/p>\n<p>Sono una persona timida, riservata e ansiosa, ma anche molto ottimista. Cerco sempre di vedere il lato positivo in tutto. In genere sono sempre felice, \u00e8 raro vedermi triste e infatti, si vede anche dal mio modo di scrivere. Le mie storie non sono mai drammatiche, hanno sempre un pizzico di ironia. Adoro far ridere e sorridere la gente che mi circonda, perch\u00e9 la vita a volte \u00e8 dura, ma se affrontata con un sorriso, diventa pi\u00f9 bella.<\/p>\n","protected":false},"featured_media":500948,"comment_status":"closed","ping_status":"closed","template":"","meta":[],"_links":{"self":[{"href":"https:\/\/staging.cherry-publishing.com\/it\/wp-json\/wp\/v2\/product\/2504083"}],"collection":[{"href":"https:\/\/staging.cherry-publishing.com\/it\/wp-json\/wp\/v2\/product"}],"about":[{"href":"https:\/\/staging.cherry-publishing.com\/it\/wp-json\/wp\/v2\/types\/product"}],"replies":[{"embeddable":true,"href":"https:\/\/staging.cherry-publishing.com\/it\/wp-json\/wp\/v2\/comments?post=2504083"}],"wp:featuredmedia":[{"embeddable":true,"href":"https:\/\/staging.cherry-publishing.com\/it\/wp-json\/wp\/v2\/media\/500948"}],"wp:attachment":[{"href":"https:\/\/staging.cherry-publishing.com\/it\/wp-json\/wp\/v2\/media?parent=2504083"}],"curies":[{"name":"wp","href":"https:\/\/api.w.org\/{rel}","templated":true}]}}