{"id":2504579,"date":"2021-06-20T15:59:11","date_gmt":"2021-06-20T14:59:11","guid":{"rendered":"https:\/\/staging.cherry-publishing.com\/?post_type=product&#038;p=2504579"},"modified":"2021-08-24T10:19:59","modified_gmt":"2021-08-24T09:19:59","slug":"cambiare-pelle","status":"publish","type":"product","link":"https:\/\/staging.cherry-publishing.com\/it\/romanzo\/romanzi\/new-adult\/cambiare-pelle\/","title":{"rendered":"Cambiare pelle"},"content":{"rendered":"<div class=\"su-button-center\"><a href=\"https:\/\/www.amazon.it\/dp\/B097WH2X8S?&amp;linkCode=ll1&amp;tag=kdp2it-21&amp;linkId=bf1838435f213cc021cf42bb7fbf9d45&amp;language=it_IT&amp;ref_=as_li_ss_tl\" class=\"su-button su-button-style-flat su-button-wide\" style=\"color:#FFFFFF;background-color:#b00909;border-color:#8d0808;border-radius:0px;-moz-border-radius:0px;-webkit-border-radius:0px\" target=\"_blank\" rel=\"noopener noreferrer\"><span style=\"color:#FFFFFF;padding:7px 20px;font-size:16px;line-height:24px;border-color:#c85353;border-radius:0px;-moz-border-radius:0px;-webkit-border-radius:0px;text-shadow:none;-moz-text-shadow:none;-webkit-text-shadow:none\"><i class=\"sui sui-book\" style=\"font-size:16px;color:#FFFFFF\"><\/i> Leggi in e-book<\/span><\/a><\/div>\n<div class=\"su-button-center\"><a href=\"https:\/\/www.amazon.it\/dp\/B097WH2X8S?&amp;linkCode=ll1&amp;tag=kdp2it-21&amp;linkId=bf1838435f213cc021cf42bb7fbf9d45&amp;language=it_IT&amp;ref_=as_li_ss_tl\" class=\"su-button su-button-style-flat su-button-wide\" style=\"color:#FFFFFF;background-color:#b00909;border-color:#8d0808;border-radius:0px;-moz-border-radius:0px;-webkit-border-radius:0px\" target=\"_blank\" rel=\"noopener noreferrer\"><span style=\"color:#FFFFFF;padding:7px 20px;font-size:16px;line-height:24px;border-color:#c85353;border-radius:0px;-moz-border-radius:0px;-webkit-border-radius:0px;text-shadow:none;-moz-text-shadow:none;-webkit-text-shadow:none\"><i class=\"sui sui-book\" style=\"font-size:16px;color:#FFFFFF\"><\/i> Copertina Felssibile<\/span><\/a><\/div>\n<p>&nbsp;<\/p>\n<p>&nbsp;<\/p>\n<p>&nbsp;<\/p>\n<div>\n<div class=\"font_preload\" style=\"opacity: 0;\"><\/div>\n<\/div>\n","protected":false},"excerpt":{"rendered":"[amazon box=\"<span class=\"a-list-item\">ASIN<\/span>\" template=\"horizontal\"]\n<p>Quanti sognano di cambiare vita e abbracciare una nuova esperienza? Cecilia, una giovane e brillante liceale bolognese, vince una prestigiosa borsa di studio che le permetter\u00e0 di seguire i corsi preparativi di astronomia alla Berkeley. O almeno \u00e8 quello che si augura, in quanto non \u00e8 ancora sicura se questo \u2018sogno americano\u2019 appartenga a lei o allo zio, celebre astronomo che vede in Cecilia la persona a cui lasciare il suo retaggio.<\/p>\n<p>Con un po\u2019 di coraggio e voglia di superare le sue insicurezze, Cecilia accetta di indossare una nuova pelle. Si butta in questa vita nel Nuovo Mondo e, soprattutto, in un bellissimo, e anche famoso, americano dalla voce paradisiaca e gli occhi blu. Una relazione che l\u2019attrae come un buco nero, intensa e potente, da cui \u00e8 impossibile sottrarsi e prevedere come andr\u00e0 a finire.<\/p>\n<div>\n<div class=\"font_preload\" style=\"opacity: 0;\">https:\/\/trello.com\/c\/I6LQ9uza\/1875-book-cover-italian-cp<\/div>\n<\/div>\n","protected":false},"featured_media":2504580,"comment_status":"closed","ping_status":"closed","template":"","meta":[],"_links":{"self":[{"href":"https:\/\/staging.cherry-publishing.com\/it\/wp-json\/wp\/v2\/product\/2504579"}],"collection":[{"href":"https:\/\/staging.cherry-publishing.com\/it\/wp-json\/wp\/v2\/product"}],"about":[{"href":"https:\/\/staging.cherry-publishing.com\/it\/wp-json\/wp\/v2\/types\/product"}],"replies":[{"embeddable":true,"href":"https:\/\/staging.cherry-publishing.com\/it\/wp-json\/wp\/v2\/comments?post=2504579"}],"wp:featuredmedia":[{"embeddable":true,"href":"https:\/\/staging.cherry-publishing.com\/it\/wp-json\/wp\/v2\/media\/2504580"}],"wp:attachment":[{"href":"https:\/\/staging.cherry-publishing.com\/it\/wp-json\/wp\/v2\/media?parent=2504579"}],"curies":[{"name":"wp","href":"https:\/\/api.w.org\/{rel}","templated":true}]}}