{"id":2505155,"date":"2021-07-26T20:31:33","date_gmt":"2021-07-26T19:31:33","guid":{"rendered":"https:\/\/staging.cherry-publishing.com\/?post_type=product&#038;p=2505155"},"modified":"2021-07-26T20:35:01","modified_gmt":"2021-07-26T19:35:01","slug":"tania-micaela-cordone","status":"publish","type":"product","link":"https:\/\/staging.cherry-publishing.com\/it\/autori\/tania-micaela-cordone\/","title":{"rendered":"Tania Micaela Cordone"},"content":{"rendered":"<h2 style=\"text-align: center;\">I suoi romanzi<\/h2>\n<p style=\"text-align: center;\"><div class=\"woocommerce columns-4 \"><ul class=\"products columns-4\">\n<li class=\"sales-flash-overlay woocommerce-text-align-center woocommerce-image-align-center do-quantity-buttons product type-product post-2505991 status-publish first instock product_cat-fantasy product_cat-romanzo has-post-thumbnail shipping-taxable product-type-simple\">\n\t<\/li>\n<li class=\"sales-flash-overlay woocommerce-text-align-center woocommerce-image-align-center do-quantity-buttons product type-product post-2505161 status-publish instock product_cat-fantasy product_cat-romanzo has-post-thumbnail shipping-taxable product-type-simple\">\n\t<\/li>\n<\/ul>\n<\/div>\n<div>\n<div class=\"font_preload\" style=\"opacity: 0;\"><\/div>\n<\/div>\n","protected":false},"excerpt":{"rendered":"<p>I libri mi hanno insegnato a vivere tantissime vite incoraggiandomi a conseguire molti dei miei sogni. \u00a0Cos\u00ec ora faccio l\u2019istruttrice di krav maga, disciplina di cui sono follemente innamorata, e insegno alle elementari, mentre tento di laurearmi in psicologia. Della serie non mi annoio mai! Lettura e scrittura fanno parte del mio essere da sempre, non esiste Tania senza libri. E scrivere per me \u00e8 sempre stata una necessit\u00e0, \u00e8 catarsi e dare voce alle \u201cavventure che ho nella testa\u201d, citando mia nipote.<\/p>\n<p>Il fantasy \u00e8 il mio genere, tutto ci\u00f2 che \u00e8\u00a0magico, mitologico epico e fantascientifico \u00e8 il mio pane. Amo i tatuaggi, il vino le risate, la notte e le maratone di serie tv.<\/p>\n","protected":false},"featured_media":2505156,"comment_status":"closed","ping_status":"closed","template":"","meta":[],"_links":{"self":[{"href":"https:\/\/staging.cherry-publishing.com\/it\/wp-json\/wp\/v2\/product\/2505155"}],"collection":[{"href":"https:\/\/staging.cherry-publishing.com\/it\/wp-json\/wp\/v2\/product"}],"about":[{"href":"https:\/\/staging.cherry-publishing.com\/it\/wp-json\/wp\/v2\/types\/product"}],"replies":[{"embeddable":true,"href":"https:\/\/staging.cherry-publishing.com\/it\/wp-json\/wp\/v2\/comments?post=2505155"}],"wp:featuredmedia":[{"embeddable":true,"href":"https:\/\/staging.cherry-publishing.com\/it\/wp-json\/wp\/v2\/media\/2505156"}],"wp:attachment":[{"href":"https:\/\/staging.cherry-publishing.com\/it\/wp-json\/wp\/v2\/media?parent=2505155"}],"curies":[{"name":"wp","href":"https:\/\/api.w.org\/{rel}","templated":true}]}}