{"id":2506437,"date":"2021-11-16T21:20:45","date_gmt":"2021-11-16T20:20:45","guid":{"rendered":"https:\/\/staging.cherry-publishing.com\/?post_type=product&#038;p=2506437"},"modified":"2021-11-19T15:20:34","modified_gmt":"2021-11-19T14:20:34","slug":"cronache-del-tempo-della-fenice-effimero","status":"publish","type":"product","link":"https:\/\/staging.cherry-publishing.com\/it\/romanzo\/romanzi\/romanzo-distopico\/cronache-del-tempo-della-fenice-effimero\/","title":{"rendered":"Cronache del Tempo Della Fenice : Effimero"},"content":{"rendered":"<div class=\"su-button-center\"><a href=\"https:\/\/amzn.to\/3qSCXLN\" class=\"su-button su-button-style-flat su-button-wide\" style=\"color:#FFFFFF;background-color:#b00909;border-color:#8d0808;border-radius:0px;-moz-border-radius:0px;-webkit-border-radius:0px\" target=\"_blank\" rel=\"noopener noreferrer\"><span style=\"color:#FFFFFF;padding:7px 20px;font-size:16px;line-height:24px;border-color:#c85353;border-radius:0px;-moz-border-radius:0px;-webkit-border-radius:0px;text-shadow:none;-moz-text-shadow:none;-webkit-text-shadow:none\"><i class=\"sui sui-book\" style=\"font-size:16px;color:#FFFFFF\"><\/i> Leggi in e-book<\/span><\/a><\/div>\n<div class=\"su-button-center\"><a href=\"https:\/\/amzn.to\/3Hv8oBw\" class=\"su-button su-button-style-flat su-button-wide\" style=\"color:#FFFFFF;background-color:#b00909;border-color:#8d0808;border-radius:0px;-moz-border-radius:0px;-webkit-border-radius:0px\" target=\"_blank\" rel=\"noopener noreferrer\"><span style=\"color:#FFFFFF;padding:7px 20px;font-size:16px;line-height:24px;border-color:#c85353;border-radius:0px;-moz-border-radius:0px;-webkit-border-radius:0px;text-shadow:none;-moz-text-shadow:none;-webkit-text-shadow:none\"><i class=\"sui sui-book\" style=\"font-size:16px;color:#FFFFFF\"><\/i> Copertina Felssibile<\/span><\/a><\/div>\n<div class=\"su-youtube su-u-responsive-media-yes\"><iframe width=\"500\" height=\"400\" src=\"https:\/\/www.youtube.com\/embed\/VWYQGhaOGAA?\" frameborder=\"0\" allowfullscreen allow=\"autoplay; encrypted-media; picture-in-picture\" title=\"\"><\/iframe><\/div>\n<p>&nbsp;<\/p>\n<p>&nbsp;<\/p>\n","protected":false},"excerpt":{"rendered":"<p><i>\u00abSei una crisalide, l\u2019embrione della tua vera natura: devi liberarti di quello che sei adesso per mostrarti.\u00bb<\/i><\/p>\n<p>Sono passati alcuni mesi da quando Fauve \u00e8 entrata nel Programma, mesi in cui ha avuto modo di conoscere l&#8217;umiliazione, il tradimento, la fame e\u2026 il riscatto. La maschera del Programma \u00e8 caduta, svelando un volto molto diverso da quello della meritocrazia promessa, eppure anche il Fronte di Liberazione cela un mosaico di segreti. Ma dentro il Fronte c&#8217;\u00e8 Rhys che ora ha bisogno di lei, Rhys che c&#8217;\u00e8 sempre stato per lei, anche quando non era altro che una piccola crisalide. E non \u00e8 il solo ad avere bisogno di lei. Il Fronte ancora di pi\u00f9, e in modo molto diverso da quanto avrebbe mai potuto immaginare.<br \/>\nChi si cela davvero dietro la figura ingombrante dell&#8217;Arch\u00e8gete? E Fauve sar\u00e0 pronta a liberarsi della piccola corazza che l&#8217;avvolge per diventare finalmente ci\u00f2 che \u00e8 destinata ad essere?<\/p>\n<p><b>SECONDO VOLUME DELLA TRILOGIA &#8220;CRONACHE DEL TEMPO DELLA FENICE&#8221;<\/b><\/p>\n","protected":false},"featured_media":2506438,"comment_status":"closed","ping_status":"closed","template":"","meta":[],"_links":{"self":[{"href":"https:\/\/staging.cherry-publishing.com\/it\/wp-json\/wp\/v2\/product\/2506437"}],"collection":[{"href":"https:\/\/staging.cherry-publishing.com\/it\/wp-json\/wp\/v2\/product"}],"about":[{"href":"https:\/\/staging.cherry-publishing.com\/it\/wp-json\/wp\/v2\/types\/product"}],"replies":[{"embeddable":true,"href":"https:\/\/staging.cherry-publishing.com\/it\/wp-json\/wp\/v2\/comments?post=2506437"}],"wp:featuredmedia":[{"embeddable":true,"href":"https:\/\/staging.cherry-publishing.com\/it\/wp-json\/wp\/v2\/media\/2506438"}],"wp:attachment":[{"href":"https:\/\/staging.cherry-publishing.com\/it\/wp-json\/wp\/v2\/media?parent=2506437"}],"curies":[{"name":"wp","href":"https:\/\/api.w.org\/{rel}","templated":true}]}}