{"id":2507435,"date":"2022-02-07T14:41:35","date_gmt":"2022-02-07T13:41:35","guid":{"rendered":"https:\/\/staging.cherry-publishing.com\/?post_type=product&#038;p=2507435"},"modified":"2022-02-11T16:52:14","modified_gmt":"2022-02-11T15:52:14","slug":"i-segreti-di-woodhills-lalba","status":"publish","type":"product","link":"https:\/\/staging.cherry-publishing.com\/it\/romanzo\/romanzi\/fantasy\/i-segreti-di-woodhills-lalba\/","title":{"rendered":"I Segreti di Woodhills (L&#8217;Alba)"},"content":{"rendered":"<div class=\"su-button-center\"><a href=\"https:\/\/amzn.to\/3rEJIRg\" class=\"su-button su-button-style-flat su-button-wide\" style=\"color:#FFFFFF;background-color:#b00909;border-color:#8d0808;border-radius:0px;-moz-border-radius:0px;-webkit-border-radius:0px\" target=\"_blank\" rel=\"noopener noreferrer\"><span style=\"color:#FFFFFF;padding:7px 20px;font-size:16px;line-height:24px;border-color:#c85353;border-radius:0px;-moz-border-radius:0px;-webkit-border-radius:0px;text-shadow:none;-moz-text-shadow:none;-webkit-text-shadow:none\"><i class=\"sui sui-book\" style=\"font-size:16px;color:#FFFFFF\"><\/i> Leggi in e-book<\/span><\/a><\/div>\n<div class=\"su-button-center\"><a href=\"https:\/\/amzn.to\/3rEJIRg\" class=\"su-button su-button-style-flat su-button-wide\" style=\"color:#FFFFFF;background-color:#b00909;border-color:#8d0808;border-radius:0px;-moz-border-radius:0px;-webkit-border-radius:0px\" target=\"_self\"><span style=\"color:#FFFFFF;padding:7px 20px;font-size:16px;line-height:24px;border-color:#c85353;border-radius:0px;-moz-border-radius:0px;-webkit-border-radius:0px;text-shadow:none;-moz-text-shadow:none;-webkit-text-shadow:none\"><i class=\"sui sui-mouse-pointer\" style=\"font-size:16px;color:#FFFFFF\"><\/i> Copertina Felssibile<\/span><\/a><\/div>\n<div class=\"su-youtube su-u-responsive-media-yes\"><iframe width=\"500\" height=\"400\" src=\"https:\/\/www.youtube.com\/embed\/T-35HPn0abk?\" frameborder=\"0\" allowfullscreen allow=\"autoplay; encrypted-media; picture-in-picture\" title=\"\"><\/iframe><\/div>\n<p>&nbsp;<\/p>\n<p>&nbsp;<\/p>\n","protected":false},"excerpt":{"rendered":"<p>&nbsp;<\/p>\n<p>Una piccola citt\u00e0 nel nord degli Stati Uniti ha governato i racconti di tutta la mia infanzia, anche se adesso mi sembra un lontano ricordo. Woodhills. Un buco sperduto nel nulla dove sono nata e dove pensavo di non mettere mai pi\u00f9 piede.\u2060<br \/>\n\u2060<br \/>\n\u00c8 stato prima che superassi il limite una volta di troppo e mio padre decidesse di rimandarmi indietro. Sono diventata ingestibile, a detta sua. Io, invece, credo che preferisca stare da solo a bere. Ed eccomi qui, bloccata in questa citt\u00e0 da brividi fino al compimento dei diciotto anni, ospitata da mia sorella che non vedevo da dieci anni.\u2060<br \/>\n\u2060<br \/>\nRiuscite a immaginare l\u2019angoscia?\u2060<br \/>\n\u2060<br \/>\nSto contando i giorni prima di poter tornare a vivere a New York e restarci. Fino ad allora, cerco di volare basso e tornare in pista. Ma da tempo il mio piano sembra compromesso. Quattro ragazzi mi provocano sistematicamente una strana sensazione ogni qualvolta li incrocio nei corridoi della scuola. I Folley. Quattro fratelli circondati da misteri. E a me, i misteri, non piacciono. Soprattutto perch\u00e9 uno di loro, Ezra, si trova stranamente ovunque io vada.\u2060<br \/>\n\u2060<br \/>\nSono Violet Clayton, una newyorkese sbandata, determinata a dimostrare al mondo che si sbaglia sul mio conto, e far\u00f2 tutto ci\u00f2 che \u00e8 in mio potere per svelare i segreti che questa citt\u00e0 custodisce. Soprattutto quelli dei Folley.\u2060<br \/>\n\u2060<br \/>\nA qualunque prezzo.\u2060<br \/>\n\u2060<\/p>\n","protected":false},"featured_media":2507436,"comment_status":"closed","ping_status":"closed","template":"","meta":[],"_links":{"self":[{"href":"https:\/\/staging.cherry-publishing.com\/it\/wp-json\/wp\/v2\/product\/2507435"}],"collection":[{"href":"https:\/\/staging.cherry-publishing.com\/it\/wp-json\/wp\/v2\/product"}],"about":[{"href":"https:\/\/staging.cherry-publishing.com\/it\/wp-json\/wp\/v2\/types\/product"}],"replies":[{"embeddable":true,"href":"https:\/\/staging.cherry-publishing.com\/it\/wp-json\/wp\/v2\/comments?post=2507435"}],"wp:featuredmedia":[{"embeddable":true,"href":"https:\/\/staging.cherry-publishing.com\/it\/wp-json\/wp\/v2\/media\/2507436"}],"wp:attachment":[{"href":"https:\/\/staging.cherry-publishing.com\/it\/wp-json\/wp\/v2\/media?parent=2507435"}],"curies":[{"name":"wp","href":"https:\/\/api.w.org\/{rel}","templated":true}]}}