{"id":2508049,"date":"2022-04-05T09:39:03","date_gmt":"2022-04-05T08:39:03","guid":{"rendered":"https:\/\/staging.cherry-publishing.com\/?post_type=product&#038;p=2508049"},"modified":"2022-04-08T17:24:06","modified_gmt":"2022-04-08T16:24:06","slug":"un-mese-per-ricominciare","status":"publish","type":"product","link":"https:\/\/staging.cherry-publishing.com\/it\/romanzo\/romanzi\/new-adult\/un-mese-per-ricominciare\/","title":{"rendered":"Un mese per ricominciare"},"content":{"rendered":"<div class=\"su-button-center\"><a href=\"https:\/\/amzn.to\/3DWmNFn\" class=\"su-button su-button-style-flat su-button-wide\" style=\"color:#FFFFFF;background-color:#b00909;border-color:#8d0808;border-radius:0px;-moz-border-radius:0px;-webkit-border-radius:0px\" target=\"_blank\" rel=\"noopener noreferrer\"><span style=\"color:#FFFFFF;padding:7px 20px;font-size:16px;line-height:24px;border-color:#c85353;border-radius:0px;-moz-border-radius:0px;-webkit-border-radius:0px;text-shadow:none;-moz-text-shadow:none;-webkit-text-shadow:none\"><i class=\"sui sui-book\" style=\"font-size:16px;color:#FFFFFF\"><\/i> Leggi in e-book<\/span><\/a><\/div>\n<div class=\"su-button-center\"><a href=\"https:\/\/amzn.to\/35SoGGE\" class=\"su-button su-button-style-flat su-button-wide\" style=\"color:#FFFFFF;background-color:#b00909;border-color:#8d0808;border-radius:0px;-moz-border-radius:0px;-webkit-border-radius:0px\" target=\"_self\"><span style=\"color:#FFFFFF;padding:7px 20px;font-size:16px;line-height:24px;border-color:#c85353;border-radius:0px;-moz-border-radius:0px;-webkit-border-radius:0px;text-shadow:none;-moz-text-shadow:none;-webkit-text-shadow:none\"><i class=\"sui sui-mouse-pointer\" style=\"font-size:16px;color:#FFFFFF\"><\/i> Copertina Felssibile<\/span><\/a><\/div>\n<div class=\"su-youtube su-u-responsive-media-yes\"><iframe width=\"500\" height=\"400\" src=\"https:\/\/www.youtube.com\/embed\/HbfsUQ6a5MU?\" frameborder=\"0\" allowfullscreen allow=\"autoplay; encrypted-media; picture-in-picture\" title=\"\"><\/iframe><\/div>\n<p>&nbsp;<\/p>\n<p>&nbsp;<\/p>\n","protected":false},"excerpt":{"rendered":"<p><em>\u00abNon sempre esiste il \u201cvissero felici e contenti\u201d, ma esiste <\/em><em>sempre un vissuto condiviso che non va dimenticato e che, in <\/em><em>qualche modo, ci ha arricchito.\u00bb<\/em><\/p>\n<p>Alice e Isaac sono sempre stati la costante del gruppo scatenato di Jacksonville, la coppia storica che faceva da collante tra i loro amici in conflitto con i loro sentimenti. Eppure l\u2019uragano tocca inevitabilmente anche loro.<\/p>\n<p>Si pu\u00f2 continuare ad amare anche quando non si \u00e8 pi\u00f9 sicuri di se stessi? Alice da tempo sente un disagio crescente che non pu\u00f2 pi\u00f9 ignorare e che la porta a dubitare di tutto, persino di Isaac.<\/p>\n<p>Quest\u2019ultimo, pacato e sempre razionale, si ritrova ad affrontare una guerra di emozioni che non aveva previsto. Se l\u2019amore batte veramente qualsiasi cosa, \u00e8 in grado di ricominciare da dove si \u00e8 interrotto?<\/p>\n","protected":false},"featured_media":2508050,"comment_status":"closed","ping_status":"closed","template":"","meta":[],"_links":{"self":[{"href":"https:\/\/staging.cherry-publishing.com\/it\/wp-json\/wp\/v2\/product\/2508049"}],"collection":[{"href":"https:\/\/staging.cherry-publishing.com\/it\/wp-json\/wp\/v2\/product"}],"about":[{"href":"https:\/\/staging.cherry-publishing.com\/it\/wp-json\/wp\/v2\/types\/product"}],"replies":[{"embeddable":true,"href":"https:\/\/staging.cherry-publishing.com\/it\/wp-json\/wp\/v2\/comments?post=2508049"}],"wp:featuredmedia":[{"embeddable":true,"href":"https:\/\/staging.cherry-publishing.com\/it\/wp-json\/wp\/v2\/media\/2508050"}],"wp:attachment":[{"href":"https:\/\/staging.cherry-publishing.com\/it\/wp-json\/wp\/v2\/media?parent=2508049"}],"curies":[{"name":"wp","href":"https:\/\/api.w.org\/{rel}","templated":true}]}}